{"id":2,"date":"2016-05-10T03:48:21","date_gmt":"2016-05-10T03:48:21","guid":{"rendered":"http:\/\/prien-physiotherapie.de\/?page_id=2"},"modified":"2023-08-27T19:01:53","modified_gmt":"2023-08-27T17:01:53","slug":"sample-page","status":"publish","type":"page","link":"https:\/\/prien-physiotherapie.de\/","title":{"rendered":"Home"},"content":{"rendered":"<p><strong>Andrea Fabel<\/strong><br \/>\n<em><span class=\"s1\">Staatlich examinierte Physiotherapeutin und Heilpraktikerin<\/span><\/em><\/p>\n<p class=\"p1\"><span class=\"s1\">Ziel meiner Therapie ist es, Ihnen eine ganzheitliche und individuelle Behandlung anzubieten, die sich auf die Ursache der Erkrankung konzentriert und die Selbstheilungskr\u00e4fte des K\u00f6rpers f\u00f6rdern sowie Heilungsprozesse beschleunigen kann.<\/span><\/p>\n","protected":false},"excerpt":{"rendered":"<p>Andrea Fabel Staatlich examinierte Physiotherapeutin und Heilpraktikerin Ziel meiner Therapie ist es, Ihnen eine ganzheitliche und individuelle Behandlung anzubieten, die sich auf die Ursache der Erkrankung konzentriert und die Selbstheilungskr\u00e4fte des K\u00f6rpers f\u00f6rdern sowie Heilungsprozesse beschleunigen kann.<\/p>\n","protected":false},"author":1,"featured_media":501,"parent":0,"menu_order":0,"comment_status":"closed","ping_status":"open","template":"","meta":{"footnotes":""},"class_list":["post-2","page","type-page","status-publish","has-post-thumbnail","hentry"],"_links":{"self":[{"href":"https:\/\/prien-physiotherapie.de\/index.php?rest_route=\/wp\/v2\/pages\/2","targetHints":{"allow":["GET"]}}],"collection":[{"href":"https:\/\/prien-physiotherapie.de\/index.php?rest_route=\/wp\/v2\/pages"}],"about":[{"href":"https:\/\/prien-physiotherapie.de\/index.php?rest_route=\/wp\/v2\/types\/page"}],"author":[{"embeddable":true,"href":"https:\/\/prien-physiotherapie.de\/index.php?rest_route=\/wp\/v2\/users\/1"}],"replies":[{"embeddable":true,"href":"https:\/\/prien-physiotherapie.de\/index.php?rest_route=%2Fwp%2Fv2%2Fcomments&post=2"}],"version-history":[{"count":19,"href":"https:\/\/prien-physiotherapie.de\/index.php?rest_route=\/wp\/v2\/pages\/2\/revisions"}],"predecessor-version":[{"id":552,"href":"https:\/\/prien-physiotherapie.de\/index.php?rest_route=\/wp\/v2\/pages\/2\/revisions\/552"}],"wp:featuredmedia":[{"embeddable":true,"href":"https:\/\/prien-physiotherapie.de\/index.php?rest_route=\/wp\/v2\/media\/501"}],"wp:attachment":[{"href":"https:\/\/prien-physiotherapie.de\/index.php?rest_route=%2Fwp%2Fv2%2Fmedia&parent=2"}],"curies":[{"name":"wp","href":"https:\/\/api.w.org\/{rel}","templated":true}]}}